{"id":17356,"date":"2022-10-31T12:04:56","date_gmt":"2022-10-31T12:04:56","guid":{"rendered":"https:\/\/robata.es\/politica-de-privacitat\/"},"modified":"2024-10-02T10:54:16","modified_gmt":"2024-10-02T10:54:16","slug":"politica-de-privacitat","status":"publish","type":"page","link":"https:\/\/robata.es\/ca\/politica-de-privacitat\/","title":{"rendered":"Pol\u00edtica de privacitat"},"content":{"rendered":"\t\t<div data-elementor-type=\"wp-page\" data-elementor-id=\"17356\" class=\"elementor elementor-17356 elementor-3630\" data-elementor-post-type=\"page\">\n\t\t\t\t<div class=\"elementor-element elementor-element-12b465a e-flex e-con-boxed e-con e-parent\" data-id=\"12b465a\" data-element_type=\"container\" data-e-type=\"container\" data-settings=\"{&quot;background_background&quot;:&quot;classic&quot;}\">\n\t\t\t\t\t<div class=\"e-con-inner\">\n\t\t\t\t<div class=\"elementor-element elementor-element-e4faf2f elementor-widget elementor-widget-heading\" data-id=\"e4faf2f\" data-element_type=\"widget\" data-e-type=\"widget\" data-widget_type=\"heading.default\">\n\t\t\t\t<div class=\"elementor-widget-container\">\n\t\t\t\t\t<h2 class=\"elementor-heading-title elementor-size-default\">Pol\u00edtica de privacitat<\/h2>\t\t\t\t<\/div>\n\t\t\t\t<\/div>\n\t\t\t\t\t<\/div>\n\t\t\t\t<\/div>\n\t\t<div class=\"elementor-element elementor-element-ea73e10 e-flex e-con-boxed e-con e-parent\" data-id=\"ea73e10\" data-element_type=\"container\" data-e-type=\"container\" data-settings=\"{&quot;background_background&quot;:&quot;classic&quot;}\">\n\t\t\t\t\t<div class=\"e-con-inner\">\n\t\t\t\t<div class=\"elementor-element elementor-element-e1b80ad elementor-widget elementor-widget-text-editor\" data-id=\"e1b80ad\" data-element_type=\"widget\" data-e-type=\"widget\" data-widget_type=\"text-editor.default\">\n\t\t\t\t<div class=\"elementor-widget-container\">\n\t\t\t\t\t\t\t\t\t<p><strong>Responsable del Tractament<\/strong><\/p>\n<p>L&#8217;empresa responsable del tractament de les vostres dades en virtut d&#8217;aquesta Pol\u00edtica de privadesa \u00e9s: ROBATA, S.L.<\/p>\n<p>NIF: B66661547<\/p>\n<p>Domicili: C\/ Enrique Granados 55 Baixos 08008 Barcelona<\/p>\n<p>Adre\u00e7a de correu electr\u00f2nic: <a href=\"mailto:admin@theumaigroup.com\">admin@theumaigroup.com<\/a><\/p>\n<p>Web: <a href=\"https:\/\/robata.es\/ca\/\">robata.es\/<\/a><\/p>\n<p>Tel\u00e8fon: 937826000<\/p>\n<p>Inscrita al Registre Mercantil de Barcelona, \u200b\u200bTom 45179, Foli 38, Full B479381 i Inscripci\u00f3? 1a<\/p>\n<p>A ROBATA, S.L., reconeixem la import\u00e0ncia de protegir la vostra informaci\u00f3 personal i estem compromesos a tractar-la amb responsabilitat i de conformitat amb les lleis de protecci\u00f3 de dades.<\/p>\n<p>Aquesta pol\u00edtica de privadesa pret\u00e9n regular tots els aspectes relatius al tractament de dades dels diferents usuaris que naveguen o faciliten les seves dades personals a trav\u00e9s dels diferents formularis situats a la web.<\/p>\n<p><strong>Dades Personals<\/strong><\/p>\n<p>Una dada personal \u00e9s la informaci\u00f3 que us identifica o us fa identificable. A trav\u00e9s del web, a les caselles establertes a aquest efecte recollim les dades personals que l&#8217;usuari ens comunica: nom, cognoms, correu electr\u00f2nic, tel\u00e8fon, adre\u00e7a postal, poblaci\u00f3, etc., aix\u00ed com totes aquelles dades que volunt\u00e0riament ens proporcioni a trav\u00e9s de qualsevol de les xarxes socials de les quals lusuari est\u00e0 registrat. En aquest cas, la privadesa dependr\u00e0 de la pr\u00f2pia configuraci\u00f3 establerta per l&#8217;usuari aix\u00ed com dels termes i condicions de la pr\u00f2pia xarxa social.<\/p>\n<p>La visita de l&#8217;usuari a la web no implica que hagi de facilitar cap informaci\u00f3 sobre les vostres dades personals. No obstant aix\u00f2, en cas de facilitar-los, les dades seran tractades de forma l\u00edcita amb subjecci\u00f3 en tot moment als principis i drets recollits al RGPD 2016\/679 de 27 d&#8217;abril de 2016 i la LOPDGDD 3\/2018 del 5 de desembre.<\/p>\n<p>Finalitat, durada i legitimaci\u00f3 del tractament:<\/p>\n<p>Les dades que l&#8217;usuari ens proporcioni les tractarem amb les finalitats seg\u00fcents:<\/p>\n<p>Atendre la sol\u00b7licitud o petici\u00f3 realitzada per l&#8217;usuari a trav\u00e9s del formulari de contacte situat a la web. Recollim i tractem les dades personals de l&#8217;usuari per poder tramitar i gestionar la vostra sol\u00b7licitud, una consulta o qualsevol petici\u00f3 que realitzeu a trav\u00e9s d&#8217;aquest formulari. Aquestes dades les conservarem durant el temps necessari per donar compliment a la vostra petici\u00f3 i durant el temps establert per la llei amb una durada m\u00ednima de 3 anys.<\/p>\n<p>La base de legitimaci\u00f3 del tractament de les dades ser\u00e0 el consentiment que atorga l&#8217;usuari en seleccionar la casella d&#8217;acceptaci\u00f3 de la nostra pol\u00edtica de privadesa abans d&#8217;enviar la petici\u00f3. L&#8217;usuari t\u00e9 dret a revocar el consentiment en qualsevol moment sense que aix\u00f2 afecti la licitud del tractament basat en el consentiment previ a la seva retirada.<\/p>\n<p>Millorar la vostra experi\u00e8ncia en navegar per la web. Aquestes dades les conservarem mentre l&#8217;usuari no revoqui el seu consentiment al seu tractament eliminant les galetes i durant el temps establert per la llei amb una durada m\u00ednima de 3 anys.<\/p>\n<p>La base de legitimaci\u00f3 per millorar la vostra experi\u00e8ncia en navegar per la web \u00e9s el consentiment que atorga l&#8217;usuari en acceptar les cookies. L&#8217;usuari t\u00e9 dret a revocar el consentiment en qualsevol moment sense que aix\u00f2 afecti la licitud del tractament basat en el consentiment previ a la seva retirada.<\/p>\n<p>Gestionar les nostres xarxes socials i enviar informaci\u00f3 sobre les nostres activitats i productes. Aquestes dades les conservarem mentre l&#8217;usuari no revoqui el seu consentiment al seu tractament i durant el temps establert per la llei amb una durada m\u00ednima de 3 anys.<\/p>\n<p>La base leg\u00edtima per gestionar les nostres xarxes socials i enviar-li les nostres activitats i novetats \u00e9s el consentiment que ens atorga. L&#8217;usuari t\u00e9 dret a revocar el consentiment en qualsevol moment sense que aix\u00f2 afecti la licitud del tractament basat en el consentiment previ a la seva retirada.<\/p>\n<p>Enviar butlletins i newsletters sobre productes de ROBATA, S.L.. Sota el consentiment de l&#8217;usuari recollim i tractem les vostres dades personals per poder enviar-vos informaci\u00f3 sobre els nostres productes i serveis. Aquestes dades les conservarem mentre l&#8217;usuari no revoqui el seu consentiment al seu tractament i durant el temps establert per la llei amb una durada m\u00ednima de 3 anys.<\/p>\n<p>La base de legitimaci\u00f3 del tractament de les dades ser\u00e0 el consentiment que atorga l&#8217;usuari en seleccionar la casella d&#8217;acceptaci\u00f3 de la nostra pol\u00edtica de privadesa abans de subscriure&#8217;s a la newsletter en formulari habilitat a aquest efecte al web. L&#8217;usuari t\u00e9 dret a revocar el consentiment en qualsevol moment sense que aix\u00f2 afecti la licitud del tractament basat en el consentiment previ a la seva retirada.<\/p>\n<p>Gestionar el curr\u00edculum rem\u00e8s per l&#8217;interessat a trav\u00e9s del formulari habilitat per a aquest efecte i incloure&#8217;l a la base de dades de candidats de l&#8217;empresa. Aquestes dades es tractaran durant el termini m\u00e0xim d&#8217;un any, transcorregut el qual, es procedir\u00e0 al bloqueig de les dades durant el temps establert legalment, garantint-li un respecte total a la confidencialitat tant en el tractament com en la posterior destrucci\u00f3.<\/p>\n<p>La base leg\u00edtima per gestionar i tractar el curr\u00edculum de l&#8217;interessat \u00e9s el seu consentiment que manifesta en realitzar una acci\u00f3 afirmativa d&#8217;enviament del mateix i seleccionar la casella d&#8217;acceptaci\u00f3 de la nostra pol\u00edtica de privadesa pr\u00e8viament al seu enviament. L&#8217;usuari t\u00e9 dret a revocar el consentiment en qualsevol moment sense que aix\u00f2 afecti la licitud del tractament basat en el consentiment previ a la seva retirada.<\/p>\n<p>Gesti\u00f3 i desenvolupament de la inscripci\u00f3 de lusuari amb motiu de lassist\u00e8ncia a un esdeveniment o activitat organitzada per ROBATA, S.L. a trav\u00e9s de les dades recopilades al formulari habilitat a aquest efecte a la<\/p>\n<p>web. Aquestes dades les conservarem mentre duri lactivitat de lesdeveniment i durant el temps establert per la llei amb una durada m\u00ednima de 3 anys.<\/p>\n<p>La base de legitimaci\u00f3 del tractament de les dades ser\u00e0 el consentiment que atorga l&#8217;usuari a trav\u00e9s de l&#8217;emplenament del formulari de participaci\u00f3 habilitat per a aquest efecte a la web i, seleccionant la casella d&#8217;acceptaci\u00f3 de la nostra pol\u00edtica de privadesa i de les bases espec\u00edfiques per a aquest concurs o sorteig. L&#8217;usuari t\u00e9 dret a revocar el consentiment en qualsevol moment sense que aix\u00f2 afecti la licitud del tractament basat en el consentiment previ a la seva retirada.<\/p>\n<p>Gestionar les reserves al nostre establiment als usuaris a trav\u00e9s del nostre formulari de reserva situat a la web. Les dades facilitades es conservaran mentre hi hagi la relaci\u00f3 contractual entre parts, aix\u00ed com durant el temps establert per la llei amb una durada m\u00ednima de 3 anys.<\/p>\n<p>La base leg\u00edtima per atendre i gestionar la reserva realitzada per lusuari a trav\u00e9s del formulari web ser\u00e0 lexecuci\u00f3 dun contracte en qu\u00e8 linteressat \u00e9s part. En cas que l&#8217;usuari no faciliti les vostres dades personals no es podr\u00e0 gestionar la vostra reserva, no podent prestar el servei sol\u00b7licitat.<\/p>\n<p>web. Aquestes dades les conservarem mentre duri lactivitat de lesdeveniment i durant el temps establert per la llei amb una durada m\u00ednima de 3 anys.<\/p>\n<p>La base de legitimaci\u00f3 del tractament de les dades ser\u00e0 el consentiment que atorga l&#8217;usuari a trav\u00e9s de l&#8217;emplenament del formulari de participaci\u00f3 habilitat per a aquest efecte a la web i, seleccionant la casella d&#8217;acceptaci\u00f3 de la nostra pol\u00edtica de privadesa i de les bases espec\u00edfiques per a aquest concurs o sorteig. L&#8217;usuari t\u00e9 dret a revocar el consentiment en qualsevol moment sense que aix\u00f2 afecti la licitud del tractament basat en el consentiment previ a la seva retirada.<\/p>\n<p>Gestionar les reserves al nostre establiment als usuaris a trav\u00e9s del nostre formulari de reserva situat a la web. Les dades facilitades es conservaran mentre hi hagi la relaci\u00f3 contractual entre parts, aix\u00ed com durant el temps establert per la llei amb una durada m\u00ednima de 3 anys.<\/p>\n<p>La base leg\u00edtima per atendre i gestionar la reserva realitzada per lusuari a trav\u00e9s del formulari web ser\u00e0 lexecuci\u00f3 dun contracte en qu\u00e8 linteressat \u00e9s part. En cas que l&#8217;usuari no faciliti les vostres dades personals no es podr\u00e0 gestionar la vostra reserva, no podent prestar el servei sol\u00b7licitat.<\/p>\n\t\t\t\t\t\t\t\t<\/div>\n\t\t\t\t<\/div>\n\t\t\t\t\t<\/div>\n\t\t\t\t<\/div>\n\t\t\t\t<\/div>\n\t\t","protected":false},"excerpt":{"rendered":"<p>Pol\u00edtica de privacitat Responsable del Tractament L&#8217;empresa responsable del tractament de les vostres dades en virtut d&#8217;aquesta Pol\u00edtica de privadesa \u00e9s: ROBATA, S.L. NIF: B66661547 Domicili: C\/ Enrique Granados 55 Baixos 08008 Barcelona Adre\u00e7a de correu electr\u00f2nic: admin@theumaigroup.com Web: robata.es\/ Tel\u00e8fon: 937826000 Inscrita al Registre Mercantil de Barcelona, \u200b\u200bTom 45179, Foli 38, Full B479381 i [&hellip;]<\/p>\n","protected":false},"author":1,"featured_media":0,"parent":0,"menu_order":0,"comment_status":"closed","ping_status":"closed","template":"","meta":{"inline_featured_image":false,"footnotes":""},"class_list":["post-17356","page","type-page","status-publish","hentry"],"_links":{"self":[{"href":"https:\/\/robata.es\/ca\/wp-json\/wp\/v2\/pages\/17356","targetHints":{"allow":["GET"]}}],"collection":[{"href":"https:\/\/robata.es\/ca\/wp-json\/wp\/v2\/pages"}],"about":[{"href":"https:\/\/robata.es\/ca\/wp-json\/wp\/v2\/types\/page"}],"author":[{"embeddable":true,"href":"https:\/\/robata.es\/ca\/wp-json\/wp\/v2\/users\/1"}],"replies":[{"embeddable":true,"href":"https:\/\/robata.es\/ca\/wp-json\/wp\/v2\/comments?post=17356"}],"version-history":[{"count":3,"href":"https:\/\/robata.es\/ca\/wp-json\/wp\/v2\/pages\/17356\/revisions"}],"predecessor-version":[{"id":17524,"href":"https:\/\/robata.es\/ca\/wp-json\/wp\/v2\/pages\/17356\/revisions\/17524"}],"wp:attachment":[{"href":"https:\/\/robata.es\/ca\/wp-json\/wp\/v2\/media?parent=17356"}],"curies":[{"name":"wp","href":"https:\/\/api.w.org\/{rel}","templated":true}]}}