{"id":17352,"date":"2022-10-31T12:08:35","date_gmt":"2022-10-31T12:08:35","guid":{"rendered":"https:\/\/robata.es\/politica-de-cookies\/"},"modified":"2024-10-02T11:06:18","modified_gmt":"2024-10-02T11:06:18","slug":"politica-de-cookies","status":"publish","type":"page","link":"https:\/\/robata.es\/ca\/politica-de-cookies\/","title":{"rendered":"Pol\u00edtica de cookies"},"content":{"rendered":"\t\t<div data-elementor-type=\"wp-page\" data-elementor-id=\"17352\" class=\"elementor elementor-17352 elementor-3635\" data-elementor-post-type=\"page\">\n\t\t\t\t<div class=\"elementor-element elementor-element-12b465a e-flex e-con-boxed e-con e-parent\" data-id=\"12b465a\" data-element_type=\"container\" data-e-type=\"container\" data-settings=\"{&quot;background_background&quot;:&quot;classic&quot;}\">\n\t\t\t\t\t<div class=\"e-con-inner\">\n\t\t\t\t<div class=\"elementor-element elementor-element-e4faf2f elementor-widget elementor-widget-heading\" data-id=\"e4faf2f\" data-element_type=\"widget\" data-e-type=\"widget\" data-widget_type=\"heading.default\">\n\t\t\t\t<div class=\"elementor-widget-container\">\n\t\t\t\t\t<h2 class=\"elementor-heading-title elementor-size-default\">Pol\u00edtica de cookies<\/h2>\t\t\t\t<\/div>\n\t\t\t\t<\/div>\n\t\t\t\t\t<\/div>\n\t\t\t\t<\/div>\n\t\t<div class=\"elementor-element elementor-element-ea73e10 e-flex e-con-boxed e-con e-parent\" data-id=\"ea73e10\" data-element_type=\"container\" data-e-type=\"container\" data-settings=\"{&quot;background_background&quot;:&quot;classic&quot;}\">\n\t\t\t\t\t<div class=\"e-con-inner\">\n\t\t\t\t<div class=\"elementor-element elementor-element-e1b80ad elementor-widget elementor-widget-text-editor\" data-id=\"e1b80ad\" data-element_type=\"widget\" data-e-type=\"widget\" data-widget_type=\"text-editor.default\">\n\t\t\t\t<div class=\"elementor-widget-container\">\n\t\t\t\t\t\t\t\t\t<p>Aquesta pol\u00edtica de galetes t\u00e9 per finalitat informar de manera clara i precisa sobre les galetes que s&#8217;utilitzen a la nostra web.<\/p>\n<p>Utilitzem cookies pr\u00f2pies i de tercers per millorar els nostres serveis, personalitzar el nostre lloc web, facilitar la navegaci\u00f3 dels nostres usuaris, proporcionar una millor experi\u00e8ncia en l&#8217;\u00fas del lloc web, identificar problemes per millorar-lo, fer mesures i estad\u00edstiques d&#8217;\u00fas i mostrar publicitat relacionada amb les vostres prefer\u00e8ncies mitjan\u00e7ant l&#8217;an\u00e0lisi de l&#8217;\u00fas del lloc web.<\/p>\n<p>Us informem que podem utilitzar cookies en el vostre equip a condici\u00f3 que l&#8217;usuari hagi donat el seu consentiment, excepte en els sup\u00f2sits en qu\u00e8 les cookies siguin necess\u00e0ries per a la navegaci\u00f3 pel nostre lloc web. En cas que presteu el vostre consentiment, podrem utilitzar cookies que ens permetran tenir m\u00e9s informaci\u00f3 sobre les vostres prefer\u00e8ncies i personalitzar el nostre lloc web de conformitat amb els vostres interessos individuals.<\/p>\n<p><strong>QU\u00c8 S\u00d3N LES COOKIES?<\/strong><\/p>\n<p>Les cookies i altres tecnologies similars com ara local shared objects, flash cookies o p\u00edxels, s\u00f3n eines emprades pels servidors web per emmagatzemar i recuperar informaci\u00f3 sobre els seus visitants, aix\u00ed com per oferir un correcte funcionament del lloc.<\/p>\n<p>&nbsp;<\/p>\n<p><strong>TIPUS DE COOKIES<\/strong><\/p>\n<p><strong>Tipus de cookies en funci\u00f3 de l&#8217;entitat que les gestioni:<\/strong><\/p>\n<p><strong>Cookies pr\u00f2pies:<\/strong> s\u00f3n les que s&#8217;envien a l&#8217;equip terminal de l&#8217;usuari des d&#8217;un equip o domini gestionat pel titular de la p\u00e0gina web i des de la qual es presta el servei sol\u00b7licitat per l&#8217;usuari.<\/p>\n<p><strong>Cookies de tercers<\/strong>: s\u00f3n aquelles que s&#8217;envien a l&#8217;equip terminal de l&#8217;usuari des d&#8217;un equip o domini que no el gestiona el titular de la p\u00e0gina web des de la qual es presta el servei sol\u00b7licitat per l&#8217;usuari, sin\u00f3 per una altra entitat que tracta les dades obtinguts a trav\u00e9s de les cookies. Aix\u00ed mateix, en el cas que les cookies siguin instal\u00b7lades des d&#8217;un equip o domini gestionat pel propi titular del lloc web per\u00f2 la informaci\u00f3 que es reculli mitjan\u00e7ant aquestes sigui gestionada per un tercer, tamb\u00e9 seran considerades com a cookies de tercers.<\/p>\n<p>De la mateixa manera es posa en coneixement de lusuari que aquest lloc web utilitza serveis de Google. Aquests serveis comparteixen informaci\u00f3 amb Google. Google utilitza la informaci\u00f3 per prestar els seus serveis, mantenir-los i millorar-los, desenvolupar nous serveis, mesurar l&#8217;efectivitat de la publicitat, protegir els usuaris davant de fraus i abusos i personalitzar el contingut, el mesurament i els anuncis que apareixen a Google o al nostre lloc web.<\/p>\n<p>Podeu con\u00e8ixer m\u00e9s informaci\u00f3 sobre el tractament i usos d&#8217;aquestes dades accedint a la pol\u00edtica de privadesa de Google. Aqu\u00ed podr\u00e0s obtenir m\u00e9s informaci\u00f3 sobre com Google tracta les dades per a cadascuna d&#8217;aquestes finalitats, obtenir m\u00e9s informaci\u00f3 sobre els anuncis de Google, com s&#8217;utilitza la teva informaci\u00f3 en el context de la publicitat i per quant de temps emmagatzema Google aquesta informaci\u00f3.<\/p>\n<p><strong>Tipus de cookies segons la finalitat:<\/strong><\/p>\n<p><strong>Galetes t\u00e8cniques:<\/strong> s\u00f3n aquelles que permeten a l&#8217;usuari la navegaci\u00f3 a trav\u00e9s d&#8217;una p\u00e0gina web, plataforma o aplicaci\u00f3 i la utilitzaci\u00f3 de les diferents opcions o serveis que hi hagi, incloent-hi aquelles que l&#8217;editor utilitza per permetre la gesti\u00f3 i operativa de la p\u00e0gina web i habilitar les seves funcions i serveis, com ara controlar el tr\u00e0nsit i la comunicaci\u00f3 de dades, identificar la sessi\u00f3, accedir a parts d&#8217;acc\u00e9s restringit, recordar els elements que integren una comanda, realitzar el proc\u00e9s de compra d&#8217;una comanda, gestionar el pagament, controlar el frau vinculat a la seguretat del servei, realitzar la sol\u00b7licitud d&#8217;inscripci\u00f3 o participaci\u00f3 en un esdeveniment, comptar visites a efectes de la facturaci\u00f3 de llic\u00e8ncies del programari amb qu\u00e8 funciona el servei (lloc web, plataforma o aplicaci\u00f3) utilitzar elements de seguretat durant la navegaci\u00f3, emmagatzemar continguts per a la difusi\u00f3 de v\u00eddeos o so, habilitar continguts din\u00e0mics (per exemple, animaci\u00f3 de c\u00e0rrega d&#8217;un text o imatge) o compartir continguts a trav\u00e9s de xarxes socials.<\/p>\n<p>Tamb\u00e9 pertanyen a aquesta categoria, per la seva naturalesa t\u00e8cnica, aquelles galetes que permeten la gesti\u00f3, de la manera m\u00e9s efica\u00e7 possible, dels espais publicitaris que, com un element m\u00e9s de disseny o \u201cmaquetaci\u00f3\u201d del servei ofert a l&#8217;usuari, l&#8217;editor hagi incl\u00f2s en una p\u00e0gina web, aplicaci\u00f3 o plataforma en base a criteris com el contingut editat, sense que es recopili informaci\u00f3 dels usuaris amb fins diferents, com ara personalitzar aquest contingut publicitari o altres continguts.<\/p>\n<p><strong>Galetes de prefer\u00e8ncies o personalitzaci\u00f3:<\/strong> s\u00f3n aquelles que permeten recordar informaci\u00f3 perqu\u00e8 l&#8217;usuari accedeixi al servei amb determinades caracter\u00edstiques que poden diferenciar la seva experi\u00e8ncia de la d&#8217;altres usuaris, com ara l&#8217;idioma, el nombre de resultats a mostrar quan l&#8217;usuari realitza una cerca, l&#8217;aspecte o el contingut del servei en funci\u00f3 del tipus de navegador a trav\u00e9s del qual l&#8217;usuari accedeix al servei o de la regi\u00f3 des de la qual accedeix al servei, etc.<\/p>\n<p><strong>Galetes d&#8217;an\u00e0lisi o mesura:<\/strong> s\u00f3n aquelles que permeten al responsable de les mateixes el seguiment i l&#8217;an\u00e0lisi del comportament dels usuaris dels llocs web als quals estan vinculades, inclosa la quantificaci\u00f3 dels impactes dels anuncis. La informaci\u00f3 recollida mitjan\u00e7ant aquest tipus de cookies s&#8217;utilitza en el mesurament de l&#8217;activitat dels llocs web, l&#8217;aplicaci\u00f3 o la plataforma, per tal d&#8217;introduir millores en funci\u00f3 de l&#8217;an\u00e0lisi de les dades d&#8217;\u00fas que fan els usuaris del servei.<\/p>\n<p><strong>Cookies de publicitat comportamental:<\/strong> s\u00f3n aquelles que permeten la gesti\u00f3, de la manera m\u00e9s efica\u00e7 possible, dels espais publicitaris que hi ha a la p\u00e0gina web. Aquestes cookies emmagatzemen informaci\u00f3 del comportament dels usuaris obtinguda a trav\u00e9s de l&#8217;observaci\u00f3 continuada dels seus h\u00e0bits de navegaci\u00f3, cosa que permet desenvolupar un perfil espec\u00edfic per mostrar publicitat en funci\u00f3 del mateix.<\/p>\n<p><strong>Cookies de geolocalitzaci\u00f3:<\/strong> s&#8217;utilitzen per saber en quin lloc es troba un usuari quan sol\u00b7licita un servei. Aquesta galeta \u00e9s an\u00f2nima i s&#8217;usa per exemple per oferir-vos la informaci\u00f3 adequada depenent del pa\u00eds en qu\u00e8\u00a0trobi.<\/p>\n<p><strong>Tipus de cookies segons termini de temps que romanen activades:<\/strong><\/p>\n<p><strong>Cookies de sessi\u00f3:<\/strong> s\u00f3n aquelles dissenyades per demanar i emmagatzemar dades mentre l&#8217;usuari accedeix a una p\u00e0gina web. Se solen emprar per emmagatzemar informaci\u00f3 que nom\u00e9s interessa conservar per a la prestaci\u00f3 del servei sol\u00b7licitat per l&#8217;usuari en una sola ocasi\u00f3 (per exemple, una llista de productes adquirits) i desapareixen en acabar la sessi\u00f3.<\/p>\n<p><strong>Cookies persistents<\/strong>: s\u00f3n aquelles en qu\u00e8 les dades segueixen emmagatzemades al terminal i poden ser accedides i tractades durant un per\u00edode definit pel responsable de la galeta, i que pot anar d&#8217;uns minuts a diversos anys.<\/p>\n<p>&nbsp;<\/p>\n<p><strong>COOKIES UTILITZADES A LA NOSTRA WEB<\/strong><\/p>\n<p>(Llista els noms de les galetes, tipus, propietari, funci\u00f3 i venciment) per exemple:<\/p>\n<table class=\"t1\" cellspacing=\"0\" cellpadding=\"0\">\n<tbody>\n<tr>\n<td class=\"td1\" valign=\"top\">\n<p class=\"p24\"><b>Denominaci\u00f3n<\/b><\/p>\n<p class=\"p26\">1P_JAR<\/p>\n<p class=\"p28\"><b>s_vi<\/b><\/p>\n<\/td>\n<td class=\"td2\" valign=\"top\">\n<p class=\"p29\"><b>Titular<\/b><\/p>\n<p class=\"p30\">Google Adwords<\/p>\n<p class=\"p31\"><b>Adobe Analytics<\/b><\/p>\n<\/td>\n<td class=\"td3\" valign=\"top\">\n<p class=\"p32\"><span class=\"s16\"><b>Duraci\u00f3n<\/b><\/span><b> <\/b><b>Persistente<\/b><\/p>\n<p class=\"p33\"><b>1 dia<\/b><\/p>\n<\/td>\n<td class=\"td4\" valign=\"top\">\n<p class=\"p34\"><span class=\"s16\"><b>Finalidad<\/b><\/span><b> <\/b><b>Finalidad<\/b><b> <\/b><b>publicitaria.<\/b><\/p>\n<p class=\"p35\"><b>Marca de fecha y hora del identificador de visitante<\/b><b> <\/b><b>\u00fanico.<\/b><\/p>\n<\/td>\n<\/tr>\n<tr>\n<td class=\"td5\" valign=\"top\">\n<p class=\"p36\"><b>PHPSESSID<\/b><\/p>\n<\/td>\n<td class=\"td6\" valign=\"top\">\n<p class=\"p37\"><b>Cookie<\/b><b> <\/b><b>T\u00e9cnica<\/b><\/p>\n<\/td>\n<td class=\"td7\" valign=\"top\">\n<p class=\"p38\"><b>Sesi\u00f3n<\/b><\/p>\n<\/td>\n<td class=\"td8\" valign=\"top\">\n<p class=\"p39\"><b>Contiene el identificador de la sesi\u00f3n. Se elimina al<\/b><b> <\/b><b>cerrar<\/b><b> <\/b><b>el<\/b><b> <\/b><b>navegador.<\/b><\/p>\n<\/td>\n<\/tr>\n<\/tbody>\n<\/table>\n<p><strong>COM ES DESHABILITEN LES COOKIES ALS NAVEGADORS?<\/strong><\/p>\n<p>L&#8217;usuari pot, en qualsevol moment, permetre, bloquejar o eliminar les cookies instal\u00b7lades al vostre equip mitjan\u00e7ant la modificaci\u00f3 dels par\u00e0metres de configuraci\u00f3 del navegador instal\u00b7lat al vostre ordinador:<\/p>\n<p class=\"p43\"><a href=\"https:\/\/support.google.com\/chrome\/answer\/95647?hl=es&amp;sc_ref_bbva=https:\/\/www.bbva.es\/sistema\/meta\/aviso-legal\/index.jsp\" target=\"_blank\" rel=\"noopener\"><span class=\"s20\">Chrome<\/span> <\/a>Configuraci\u00f3n -&gt; Mostrar opciones avanzadas -&gt; Privacidad -&gt; Configuraci\u00f3n del contenido. Para m\u00e1s informaci\u00f3n, puede consultar <a href=\"https:\/\/support.google.com\/chrome\/answer\/95647?hl=es&amp;ref_topic=3434352\" target=\"_blank\" rel=\"noopener\"><span class=\"s20\">el<\/span> <span class=\"s20\">soporte<\/span> <span class=\"s20\">de<\/span> <span class=\"s20\">Google<\/span> <\/a>o la Ayuda del navegador.<\/p>\n<p class=\"p43\"><a href=\"http:\/\/windows.microsoft.com\/es-es\/windows7\/how-to-manage-cookies-in-internet-explorer-9?sc_ref_bbva=https:\/\/www.bbva.es\/sistema\/meta\/aviso-legal\/index.jsp\" target=\"_blank\" rel=\"noopener\"><span class=\"s20\">Explorer<\/span> <\/a>o<span class=\"s2\"> <a href=\"https:\/\/www.microsoft.com\/es-es\/edge\" target=\"_blank\" rel=\"noopener\"><span class=\"s20\">Edge<\/span> <\/a><\/span>Herramientas -&gt; Opciones de Internet -&gt; Privacidad -&gt; Configuraci\u00f3n. Para m\u00e1s informaci\u00f3n, puede consultar<span class=\"s3\"> <a href=\"http:\/\/windows.microsoft.com\/es-es\/internet-explorer\/delete-managecookies%23ie=ie-11\" target=\"_blank\" rel=\"noopener\"><span class=\"s20\">el<\/span> <span class=\"s20\">soporte<\/span> <span class=\"s20\">de<\/span> <span class=\"s20\">Microsoft<\/span> <\/a><\/span>o la Ayuda del navegador.<\/p>\n<p class=\"p43\"><a href=\"http:\/\/support.mozilla.org\/es\/kb\/habilitar-y-deshabilitar-cookies-que-los-sitios-we?sc_ref_bbva=https:\/\/www.bbva.es\/sistema\/meta\/aviso-legal\/index.jsp\" target=\"_blank\" rel=\"noopener\"><span class=\"s20\">Firefox<\/span><\/a>: Herramientas -&gt;Opciones -&gt; Privacidad -&gt; Historial -&gt; Configuraci\u00f3n Personalizada. Para m\u00e1s informaci\u00f3n, puede consultar<span class=\"s3\"> <a href=\"https:\/\/support.mozilla.org\/es\/\" target=\"_blank\" rel=\"noopener\"><span class=\"s20\">el<\/span> <span class=\"s20\">soporte<\/span> <span class=\"s20\">de<\/span> <span class=\"s20\">Mozilla<\/span> <\/a><\/span>o la Ayuda del navegador.<\/p>\n<p class=\"p44\"><a href=\"http:\/\/support.apple.com\/kb\/ph5042?sc_ref_bbva=https:\/\/www.bbva.es\/sistema\/meta\/aviso-legal\/index.jsp\" target=\"_blank\" rel=\"noopener\"><span class=\"s20\">Safari<\/span> <\/a>Preferencias -&gt; Seguridad.<\/p>\n<p class=\"p43\">Para m\u00e1s informaci\u00f3n, puede consultar<span class=\"s3\"> <a href=\"https:\/\/support.apple.com\/es-es\/HT201265\" target=\"_blank\" rel=\"noopener\"><span class=\"s20\">el<\/span> <span class=\"s20\">soporte<\/span> <span class=\"s20\">de<\/span> <span class=\"s20\">Apple<\/span> <\/a><\/span>o la Ayuda del navegador<\/p>\n<p>La desactivaci\u00f3 de les galetes no impedeix la navegaci\u00f3 pel lloc web, encara que l&#8217;\u00fas d&#8217;alguns dels seus serveis podr\u00e0 ser limitat i, per tant, la vostra experi\u00e8ncia de navegaci\u00f3 podr\u00e0 ser menys satisfact\u00f2ria.<\/p>\n<p><strong>RETIRAR EL CONSENTIMENT<\/strong><\/p>\n<p>L&#8217;usuari podr\u00e0 retirar en qualsevol moment el seu consentiment relacionat amb la Pol\u00edtica de Cookies, i podr\u00e0 eliminar les cookies emmagatzemades al seu equip a trav\u00e9s dels ajustaments i configuracions del seu navegador d&#8217;Internet, indicats anteriorment, aix\u00ed com accedint al nostre panell de configuraci\u00f3:<\/p>\n<p><strong>CONFIGURAR COOKIES<\/strong><\/p>\n<p>Aquesta Pol\u00edtica de Cookies es podr\u00e0 modificar quan aix\u00ed ho exigeixi la legislaci\u00f3 vigent en cada moment o quan hi hagu\u00e9s alguna variaci\u00f3 en el tipus de cookies utilitzades al lloc web. Per aix\u00f2, us recomanem revisar aquesta pol\u00edtica cada vegada que accediu al nostre lloc web amb l&#8217;objectiu d&#8217;estar adequadament informat sobre com i per a qu\u00e8 fem servir les cookies.<\/p>\n\t\t\t\t\t\t\t\t<\/div>\n\t\t\t\t<\/div>\n\t\t\t\t\t<\/div>\n\t\t\t\t<\/div>\n\t\t\t\t<\/div>\n\t\t","protected":false},"excerpt":{"rendered":"<p>Pol\u00edtica de cookies Aquesta pol\u00edtica de galetes t\u00e9 per finalitat informar de manera clara i precisa sobre les galetes que s&#8217;utilitzen a la nostra web. Utilitzem cookies pr\u00f2pies i de tercers per millorar els nostres serveis, personalitzar el nostre lloc web, facilitar la navegaci\u00f3 dels nostres usuaris, proporcionar una millor experi\u00e8ncia en l&#8217;\u00fas del lloc [&hellip;]<\/p>\n","protected":false},"author":1,"featured_media":0,"parent":0,"menu_order":0,"comment_status":"closed","ping_status":"closed","template":"","meta":{"inline_featured_image":false,"footnotes":""},"class_list":["post-17352","page","type-page","status-publish","hentry"],"_links":{"self":[{"href":"https:\/\/robata.es\/ca\/wp-json\/wp\/v2\/pages\/17352","targetHints":{"allow":["GET"]}}],"collection":[{"href":"https:\/\/robata.es\/ca\/wp-json\/wp\/v2\/pages"}],"about":[{"href":"https:\/\/robata.es\/ca\/wp-json\/wp\/v2\/types\/page"}],"author":[{"embeddable":true,"href":"https:\/\/robata.es\/ca\/wp-json\/wp\/v2\/users\/1"}],"replies":[{"embeddable":true,"href":"https:\/\/robata.es\/ca\/wp-json\/wp\/v2\/comments?post=17352"}],"version-history":[{"count":5,"href":"https:\/\/robata.es\/ca\/wp-json\/wp\/v2\/pages\/17352\/revisions"}],"predecessor-version":[{"id":17532,"href":"https:\/\/robata.es\/ca\/wp-json\/wp\/v2\/pages\/17352\/revisions\/17532"}],"wp:attachment":[{"href":"https:\/\/robata.es\/ca\/wp-json\/wp\/v2\/media?parent=17352"}],"curies":[{"name":"wp","href":"https:\/\/api.w.org\/{rel}","templated":true}]}}